{"id":2782,"date":"2023-01-24T11:18:41","date_gmt":"2023-01-24T10:18:41","guid":{"rendered":"http:\/\/brolla.atomic4dev.net\/exempcio-de-responsabilitat-legal\/"},"modified":"2024-04-16T14:05:52","modified_gmt":"2024-04-16T12:05:52","slug":"avis-legal","status":"publish","type":"page","link":"https:\/\/brollafactory.com\/ca\/avis-legal\/","title":{"rendered":"Av\u00eds legal"},"content":{"rendered":"[vc_row type=&#8221;in_container&#8221; full_screen_row_position=&#8221;middle&#8221; column_margin=&#8221;default&#8221; column_direction=&#8221;default&#8221; column_direction_tablet=&#8221;default&#8221; column_direction_phone=&#8221;default&#8221; scene_position=&#8221;center&#8221; text_color=&#8221;dark&#8221; text_align=&#8221;left&#8221; row_border_radius=&#8221;none&#8221; row_border_radius_applies=&#8221;bg&#8221; overflow=&#8221;visible&#8221; overlay_strength=&#8221;0.3&#8243; gradient_direction=&#8221;left_to_right&#8221; shape_divider_position=&#8221;bottom&#8221; bg_image_animation=&#8221;none&#8221;][vc_column column_padding=&#8221;no-extra-padding&#8221; column_padding_tablet=&#8221;inherit&#8221; column_padding_phone=&#8221;inherit&#8221; column_padding_position=&#8221;all&#8221; column_element_spacing=&#8221;default&#8221; background_color_opacity=&#8221;1&#8243; background_hover_color_opacity=&#8221;1&#8243; column_shadow=&#8221;none&#8221; column_border_radius=&#8221;none&#8221; column_link_target=&#8221;_self&#8221; column_position=&#8221;default&#8221; gradient_direction=&#8221;left_to_right&#8221; overlay_strength=&#8221;0.3&#8243; width=&#8221;1\/1&#8243; tablet_width_inherit=&#8221;default&#8221; tablet_text_alignment=&#8221;default&#8221; phone_text_alignment=&#8221;default&#8221; animation_type=&#8221;default&#8221; bg_image_animation=&#8221;none&#8221; border_type=&#8221;simple&#8221; column_border_width=&#8221;none&#8221; column_border_style=&#8221;solid&#8221;][vc_column_text]\n<h1>RENUNCIA LEGAL<\/h1>\n<p><b>RESPONSABLE:<\/b> BROLLA GINY, S.L., amb domicili a C\/ Can Frare, s\/n, de Gallifa (08146 BARCELONA) amb CIF n\u00ba B65820375.<br \/>\n<b>AIM:<\/b> Sol\u00b7liciteu informaci\u00f3 general sobre els nostres productes i serveis als clients i\/o usuaris.<br \/>\n<b>LEGITIMACI\u00d3:<\/b> Amb el consentiment expr\u00e9s de l&#8217;interessat.<br \/>\n<b>DESTINATARI:<\/b> No es transmetr\u00e0 cap dada a tercers, excepte autoritzaci\u00f3 expressa o obligaci\u00f3 legal.<br \/>\n<b>DRETS:<\/b> Pots retirar el teu consentiment en qualsevol moment i consultar, corregir, suprimir les teves dades i altres drets a info@brolladev.atomic4dev.net<br \/>\n<b>M\u00c9S INFORMACI\u00d3:<\/b>Pots consultar la informaci\u00f3 addicional i detallada de la nostra pol\u00edtica de privadesa i els nostres avisos legals seguint <a href=\"\/ca\/politica-de-privacitat\/\">l&#8217;enlla\u00e7<\/a>.[\/vc_column_text][\/vc_column][\/vc_row]\n","protected":false},"excerpt":{"rendered":"<p>[vc_row type=&#8221;in_container&#8221; full_screen_row_position=&#8221;middle&#8221; column_margin=&#8221;default&#8221; column_direction=&#8221;default&#8221; column_direction_tablet=&#8221;default&#8221; column_direction_phone=&#8221;default&#8221; scene_position=&#8221;center&#8221; text_color=&#8221;dark&#8221; text_align=&#8221;left&#8221; row_border_radius=&#8221;none&#8221; row_border_radius_applies=&#8221;bg&#8221; overflow=&#8221;visible&#8221; overlay_strength=&#8221;0.3&#8243; gradient_direction=&#8221;left_to_right&#8221; shape_divider_position=&#8221;bottom&#8221; bg_image_animation=&#8221;none&#8221;][vc_column column_padding=&#8221;no-extra-padding&#8221; column_padding_tablet=&#8221;inherit&#8221; column_padding_phone=&#8221;inherit&#8221; column_padding_position=&#8221;all&#8221; column_element_spacing=&#8221;default&#8221; background_color_opacity=&#8221;1&#8243; background_hover_color_opacity=&#8221;1&#8243; column_shadow=&#8221;none&#8221; column_border_radius=&#8221;none&#8221; column_link_target=&#8221;_self&#8221; column_position=&#8221;default&#8221; gradient_direction=&#8221;left_to_right&#8221; overlay_strength=&#8221;0.3&#8243;&#8230;<\/p>\n","protected":false},"author":1,"featured_media":0,"parent":0,"menu_order":0,"comment_status":"closed","ping_status":"closed","template":"","meta":{"_acf_changed":false,"footnotes":""},"class_list":["post-2782","page","type-page","status-publish"],"acf":[],"_links":{"self":[{"href":"https:\/\/brollafactory.com\/ca\/wp-json\/wp\/v2\/pages\/2782","targetHints":{"allow":["GET"]}}],"collection":[{"href":"https:\/\/brollafactory.com\/ca\/wp-json\/wp\/v2\/pages"}],"about":[{"href":"https:\/\/brollafactory.com\/ca\/wp-json\/wp\/v2\/types\/page"}],"author":[{"embeddable":true,"href":"https:\/\/brollafactory.com\/ca\/wp-json\/wp\/v2\/users\/1"}],"replies":[{"embeddable":true,"href":"https:\/\/brollafactory.com\/ca\/wp-json\/wp\/v2\/comments?post=2782"}],"version-history":[{"count":7,"href":"https:\/\/brollafactory.com\/ca\/wp-json\/wp\/v2\/pages\/2782\/revisions"}],"predecessor-version":[{"id":5145,"href":"https:\/\/brollafactory.com\/ca\/wp-json\/wp\/v2\/pages\/2782\/revisions\/5145"}],"wp:attachment":[{"href":"https:\/\/brollafactory.com\/ca\/wp-json\/wp\/v2\/media?parent=2782"}],"curies":[{"name":"wp","href":"https:\/\/api.w.org\/{rel}","templated":true}]}}