{"id":10516,"date":"2023-01-24T11:18:41","date_gmt":"2023-01-24T10:18:41","guid":{"rendered":"https:\/\/brollafactory.com\/mentions-legales\/"},"modified":"2024-06-05T12:16:29","modified_gmt":"2024-06-05T10:16:29","slug":"mentions-legales","status":"publish","type":"page","link":"https:\/\/brollafactory.com\/fr\/mentions-legales\/","title":{"rendered":"Mentions l\u00e9gales"},"content":{"rendered":"[vc_row type=\u00a0\u00bbin_container\u00a0\u00bb full_screen_row_position=\u00a0\u00bbmiddle\u00a0\u00bb column_margin=\u00a0\u00bbdefault\u00a0\u00bb column_direction=\u00a0\u00bbdefault\u00a0\u00bb column_direction_tablet=\u00a0\u00bbdefault\u00a0\u00bb column_direction_phone=\u00a0\u00bbdefault\u00a0\u00bb scene_position=\u00a0\u00bbcenter\u00a0\u00bb text_color=\u00a0\u00bbdark\u00a0\u00bb text_align=\u00a0\u00bbleft\u00a0\u00bb row_border_radius=\u00a0\u00bbnone\u00a0\u00bb row_border_radius_applies=\u00a0\u00bbbg\u00a0\u00bb overflow=\u00a0\u00bbvisible\u00a0\u00bb overlay_strength=\u00a0\u00bb0.3&Prime; gradient_direction=\u00a0\u00bbleft_to_right\u00a0\u00bb shape_divider_position=\u00a0\u00bbbottom\u00a0\u00bb bg_image_animation=\u00a0\u00bbnone\u00a0\u00bb][vc_column column_padding=\u00a0\u00bbno-extra-padding\u00a0\u00bb column_padding_tablet=\u00a0\u00bbinherit\u00a0\u00bb column_padding_phone=\u00a0\u00bbinherit\u00a0\u00bb column_padding_position=\u00a0\u00bball\u00a0\u00bb column_element_spacing=\u00a0\u00bbdefault\u00a0\u00bb background_color_opacity=\u00a0\u00bb1&Prime; background_hover_color_opacity=\u00a0\u00bb1&Prime; column_shadow=\u00a0\u00bbnone\u00a0\u00bb column_border_radius=\u00a0\u00bbnone\u00a0\u00bb column_link_target=\u00a0\u00bb_self\u00a0\u00bb column_position=\u00a0\u00bbdefault\u00a0\u00bb gradient_direction=\u00a0\u00bbleft_to_right\u00a0\u00bb overlay_strength=\u00a0\u00bb0.3&Prime; width=\u00a0\u00bb1\/1&Prime; tablet_width_inherit=\u00a0\u00bbdefault\u00a0\u00bb tablet_text_alignment=\u00a0\u00bbdefault\u00a0\u00bb phone_text_alignment=\u00a0\u00bbdefault\u00a0\u00bb animation_type=\u00a0\u00bbdefault\u00a0\u00bb bg_image_animation=\u00a0\u00bbnone\u00a0\u00bb border_type=\u00a0\u00bbsimple\u00a0\u00bb column_border_width=\u00a0\u00bbnone\u00a0\u00bb column_border_style=\u00a0\u00bbsolid\u00a0\u00bb][vc_column_text]\n<h1>AVERTISSEMENT JURIDIQUE<\/h1>\n<p><b>RESPONSABLE<\/b>: BROLLA GINY, S.L., con domicilio en C\/ Borges Blanques, s\/n, P.I. La Borda, de Caldes de Montbo\u00ed (08140 BARCELONA) con CIF n\u00ba B65820375.<br \/>\n<b>BUT<\/b>: Demander des informations g\u00e9n\u00e9rales sur nos produits et services aux clients et\/ou utilisateurs.<br \/>\n<b>L\u00c9GITIMATION<\/b>: Avec le consentement expr\u00e8s de l\u2019int\u00e9ress\u00e9.<br \/>\n<b>DESTINATAIRE<\/b>: Aucune donn\u00e9e ne sera transmise \u00e0 des tiers, sauf autorisation expresse ou obligation l\u00e9gale.<br \/>\n<b>DROITS<\/b>: Vous pouvez retirer votre consentement \u00e0 tout moment et consulter, corriger, supprimer vos donn\u00e9es et autres droits \u00e0 info@brollafactory.com<br \/>\n<b>INFORMATIONS COMPL\u00c9MENTAIRES<\/b>: Vous pouvez consulter les informations compl\u00e9mentaires et d\u00e9taill\u00e9es sur notre politique de confidentialit\u00e9 et nos mentions l\u00e9gales en suivant le <a href=\"https:\/\/brollafactory.com\/fr\/politique-de-confidentialite\/\">lien<\/a>.[\/vc_column_text][\/vc_column][\/vc_row]\n","protected":false},"excerpt":{"rendered":"<p>[vc_row type=\u00a0\u00bbin_container\u00a0\u00bb full_screen_row_position=\u00a0\u00bbmiddle\u00a0\u00bb column_margin=\u00a0\u00bbdefault\u00a0\u00bb column_direction=\u00a0\u00bbdefault\u00a0\u00bb column_direction_tablet=\u00a0\u00bbdefault\u00a0\u00bb column_direction_phone=\u00a0\u00bbdefault\u00a0\u00bb scene_position=\u00a0\u00bbcenter\u00a0\u00bb text_color=\u00a0\u00bbdark\u00a0\u00bb text_align=\u00a0\u00bbleft\u00a0\u00bb row_border_radius=\u00a0\u00bbnone\u00a0\u00bb row_border_radius_applies=\u00a0\u00bbbg\u00a0\u00bb overflow=\u00a0\u00bbvisible\u00a0\u00bb overlay_strength=\u00a0\u00bb0.3&Prime; gradient_direction=\u00a0\u00bbleft_to_right\u00a0\u00bb shape_divider_position=\u00a0\u00bbbottom\u00a0\u00bb bg_image_animation=\u00a0\u00bbnone\u00a0\u00bb][vc_column column_padding=\u00a0\u00bbno-extra-padding\u00a0\u00bb column_padding_tablet=\u00a0\u00bbinherit\u00a0\u00bb column_padding_phone=\u00a0\u00bbinherit\u00a0\u00bb column_padding_position=\u00a0\u00bball\u00a0\u00bb column_element_spacing=\u00a0\u00bbdefault\u00a0\u00bb background_color_opacity=\u00a0\u00bb1&Prime; background_hover_color_opacity=\u00a0\u00bb1&Prime; column_shadow=\u00a0\u00bbnone\u00a0\u00bb column_border_radius=\u00a0\u00bbnone\u00a0\u00bb column_link_target=\u00a0\u00bb_self\u00a0\u00bb column_position=\u00a0\u00bbdefault\u00a0\u00bb gradient_direction=\u00a0\u00bbleft_to_right\u00a0\u00bb overlay_strength=\u00a0\u00bb0.3&Prime;&#8230;<\/p>\n","protected":false},"author":1,"featured_media":0,"parent":0,"menu_order":0,"comment_status":"closed","ping_status":"closed","template":"","meta":{"_acf_changed":false,"footnotes":""},"class_list":["post-10516","page","type-page","status-publish"],"acf":[],"_links":{"self":[{"href":"https:\/\/brollafactory.com\/fr\/wp-json\/wp\/v2\/pages\/10516","targetHints":{"allow":["GET"]}}],"collection":[{"href":"https:\/\/brollafactory.com\/fr\/wp-json\/wp\/v2\/pages"}],"about":[{"href":"https:\/\/brollafactory.com\/fr\/wp-json\/wp\/v2\/types\/page"}],"author":[{"embeddable":true,"href":"https:\/\/brollafactory.com\/fr\/wp-json\/wp\/v2\/users\/1"}],"replies":[{"embeddable":true,"href":"https:\/\/brollafactory.com\/fr\/wp-json\/wp\/v2\/comments?post=10516"}],"version-history":[{"count":2,"href":"https:\/\/brollafactory.com\/fr\/wp-json\/wp\/v2\/pages\/10516\/revisions"}],"predecessor-version":[{"id":10518,"href":"https:\/\/brollafactory.com\/fr\/wp-json\/wp\/v2\/pages\/10516\/revisions\/10518"}],"wp:attachment":[{"href":"https:\/\/brollafactory.com\/fr\/wp-json\/wp\/v2\/media?parent=10516"}],"curies":[{"name":"wp","href":"https:\/\/api.w.org\/{rel}","templated":true}]}}